{"id":30,"date":"2022-01-18T16:18:36","date_gmt":"2022-01-18T16:18:36","guid":{"rendered":"http:\/\/shatis22.itam.cas.cz\/?page_id=30"},"modified":"2022-04-01T11:55:53","modified_gmt":"2022-04-01T11:55:53","slug":"committees","status":"publish","type":"page","link":"https:\/\/shatis22.itam.cas.cz\/index.php\/committees\/","title":{"rendered":"COMMITTEES"},"content":{"rendered":"<div class=\"wp-block-columns has-2-columns\">\r\n<div class=\"wp-block-column is-layout-flow wp-block-column-is-layout-flow\">\r\n<h4 class=\"wp-block-heading\"><strong>CHAIR<\/strong><\/h4>\r\n\r\n\r\n\r\n<p><strong>Ji\u0159\u00ed Kuneck\u00fd<br \/><\/strong>ITAM, Czechia<\/p>\r\n\r\n\r\n\r\n\r\n\r\n<h4 class=\"wp-block-heading\"><strong>SCIENTIFIC COMMITTEE<\/strong><\/h4>\r\n\r\n\r\n\r\n<p><strong>Bohumil Kasal<\/strong><br \/>WKI Fraunhofer \/ TU Braunschweig, Germany<\/p>\r\n\r\n\r\n\r\n<p><strong>Philipp Dietsch<\/strong><br \/>Karlsruhe Institute of Technology (KIT), Germany<\/p>\r\n\r\n\r\n\r\n<p><strong>Gerhard Schickhofer<\/strong><br \/>Graz University of Technology, Austria<\/p>\r\n\r\n\r\n\r\n<p><strong>Thierry Descamps<\/strong><br \/>University of Mons, Belgium<\/p>\r\n\r\n\r\n\r\n<p><strong>Thomas Tannert<\/strong><br \/>University of Northern British Columbia, Canada<\/p>\r\n\r\n\r\n\r\n<p><strong>Toma\u017e Pazlar<\/strong><br \/>Slovenian National Building and Civil Engineering Institute, Slovenia<\/p>\r\n\r\n\r\n\r\n<p><strong>Francisco Arriaga Martitegui<\/strong><br \/>Technical University of Madrid, Spain<\/p>\r\n\r\n\r\n\r\n<p><strong>Mikel Landa<\/strong><br \/>Landa-Ochandiano arquitectos, Spain<\/p>\r\n\r\n\r\n\r\n<p><strong>Eleftheria Tsakanika<\/strong><br \/>National Tech. University of Athens, Greece<\/p>\r\n\r\n\r\n\r\n<p><strong>Maria Adelaide Parisi<\/strong><br \/>Politecnico di Milano, Italy<\/p>\r\n\r\n\r\n\r\n<p><strong>Jorge M. Branco<\/strong><br \/>University of Minho, Portugal<\/p>\r\n\r\n\r\n\r\n<p><strong>Lina Nunes<\/strong><br \/>LNEC, Portugal<\/p>\r\n\r\n\r\n\r\n<p><strong>Petr Kukl\u00edk<\/strong><br \/>Czech Technical University in Prague, Czechia<\/p>\r\n\r\n\r\n\r\n<p><strong>Milo\u0161 Drd\u00e1ck\u00fd<\/strong><br \/>Institute of Theoretical and Applied Mechanics, Czechia<\/p>\r\n\r\n\r\n\r\n<p><strong>Andreea Dutu<\/strong><br \/>Tech. Univ. of Civil Eng. of Bucharest, Romania<\/p>\r\n\r\n\r\n\r\n<p><strong>Gi\u00a0Young\u00a0Jeong<\/strong><br \/>Chonnam National University, South Korea<\/p>\r\n\r\n\r\n\r\n<p><strong>Georg Hochreiner<\/strong><br \/>TU Wien, Austria<\/p>\r\n\r\n\r\n\r\n<p><strong>Jerzy Jasie\u0144ko<\/strong><br \/>Wroclaw University of Technology, Poland<\/p>\r\n\r\n\r\n\r\n<p><strong>Ivan Giongo<\/strong><br \/>University of Trento, Italy<\/p>\r\n<p>\r\n\r\n<\/p>\r\n<p><strong>Maurizio Piazza<\/strong><br \/>University of Trento, Italy<\/p>\r\n\r\n\r\n\r\n<p><strong>Mariapaola Riggio<\/strong><br \/>Oregon state university, USA<\/p>\r\n\r\n\r\n\r\n<p><strong>Jose Saporiti Machado<\/strong><br \/>National Laboratory for Civil Engineering, Portugal<\/p>\r\n\r\n\r\n\r\n<p><strong>Ronald Anthony<\/strong><br \/>Anthony &amp; Associates, USA<\/p>\r\n\r\n\r\n\r\n<p><strong>Thomas Bader<\/strong><br \/>Linnaeus University V\u00e4xj\u00f6, Sweden<\/p>\r\n\r\n\r\n\r\n<p><strong>Annette Harte<\/strong><br \/>National University of Ireland, Ireland<\/p>\r\n\r\n\r\n\r\n<p><strong>Richard Harris<\/strong><br \/>University of Bath, Britain<\/p>\r\n<p><strong>Xiaobin SONG<\/strong><br \/>Tongji University, China<\/p>\r\n<p><strong>Beatrice Faggiano<\/strong><br \/>University of Naples &#8220;Federico II&#8221;, Italy<\/p>\r\n<\/div>\r\n\r\n\r\n\r\n<div class=\"wp-block-column is-layout-flow wp-block-column-is-layout-flow\">\r\n<h4 class=\"wp-block-heading\"><strong>ORGANIZING INSTITUTIONS<\/strong><\/h4>\r\n\r\n\r\n\r\n<p class=\"has-text-color has-background has-very-dark-gray-color has-very-light-gray-background-color\"><a href=\"http:\/\/www.itam.cas.cz\">The Institute of Theoretical and Applied Mechanics, Czech Academy of Sciences (ITAM)<\/a><\/p>\r\n<p class=\"has-text-color has-background has-very-dark-gray-color has-very-light-gray-background-color\"><a href=\"https:\/\/www.uceeb.cz\/en\">University Centre for Energy Efficient Buildings CTU in Prague (UCEEB)<\/a><\/p>\r\n\r\n\r\n\r\n\r\n\r\n<p>&nbsp;<\/p>\r\n\r\n\r\n\r\n<h4 class=\"wp-block-heading\"><strong>SUPPORTING ORGANISATIONS<\/strong><\/h4>\r\n\r\n\r\n\r\n<p><a href=\"http:\/\/www.sps.volyne.cz\/web\/uvodni-text\/en\/\">The Higher Professional School And The Secondary Technical School Volyn\u011b<\/a><\/p>\r\n\r\n\r\n\r\n<p><a href=\"https:\/\/www.csm.cz\/en\/introduction\/\">Czech Society for Mechanics<\/a><\/p>\r\n\r\n\r\n\r\n<h4 class=\"wp-block-heading\" id=\"mce_5\"><strong>ORGANIZING COMMITTEE<\/strong><\/h4>\r\n\r\n\r\n\r\n<p class=\"has-text-color has-background has-very-dark-gray-color has-very-light-gray-background-color\">Hana Hasn\u00edkov\u00e1, ITAM, Czechia <br \/><br \/>Martin Hataj, UCEEB, Czechia <br \/><br \/>Jan Po\u0161ta, UCEEB, Czechia <br \/><br \/>Kate\u0159ina Kulawiecov\u00e1, ITAM, Czechia <br \/><br \/>Barbora P\u0159echov\u00e1, ITAM, Czechia<\/p>\r\n\r\n\r\n\r\n<p><a href=\"mailto:shatis22@itam.cas.cz\"><strong>CONTACT:<\/strong>\u00a0 shatis22@itam.cas.cz<\/a><\/p>\r\n<\/div>\r\n<\/div>","protected":false},"excerpt":{"rendered":"<p>CHAIR Ji\u0159\u00ed Kuneck\u00fdITAM, Czechia SCIENTIFIC COMMITTEE Bohumil KasalWKI Fraunhofer \/ TU Braunschweig, Germany Philipp DietschKarlsruhe Institute of Technology (KIT), Germany Gerhard SchickhoferGraz University of Technology, Austria Thierry DescampsUniversity of Mons, Belgium Thomas TannertUniversity of Northern British Columbia, Canada Toma\u017e PazlarSlovenian National Building and Civil Engineering Institute, Slovenia Francisco Arriaga MartiteguiTechnical University of Madrid, Spain Mikel &hellip; <\/p>\n<p class=\"link-more\"><a href=\"https:\/\/shatis22.itam.cas.cz\/index.php\/committees\/\" class=\"more-link\">Continue reading<span class=\"screen-reader-text\"> &#8220;COMMITTEES&#8221;<\/span><\/a><\/p>\n","protected":false},"author":3,"featured_media":0,"parent":0,"menu_order":0,"comment_status":"closed","ping_status":"closed","template":"","meta":{"footnotes":""},"_links":{"self":[{"href":"https:\/\/shatis22.itam.cas.cz\/index.php\/wp-json\/wp\/v2\/pages\/30"}],"collection":[{"href":"https:\/\/shatis22.itam.cas.cz\/index.php\/wp-json\/wp\/v2\/pages"}],"about":[{"href":"https:\/\/shatis22.itam.cas.cz\/index.php\/wp-json\/wp\/v2\/types\/page"}],"author":[{"embeddable":true,"href":"https:\/\/shatis22.itam.cas.cz\/index.php\/wp-json\/wp\/v2\/users\/3"}],"replies":[{"embeddable":true,"href":"https:\/\/shatis22.itam.cas.cz\/index.php\/wp-json\/wp\/v2\/comments?post=30"}],"version-history":[{"count":24,"href":"https:\/\/shatis22.itam.cas.cz\/index.php\/wp-json\/wp\/v2\/pages\/30\/revisions"}],"predecessor-version":[{"id":288,"href":"https:\/\/shatis22.itam.cas.cz\/index.php\/wp-json\/wp\/v2\/pages\/30\/revisions\/288"}],"wp:attachment":[{"href":"https:\/\/shatis22.itam.cas.cz\/index.php\/wp-json\/wp\/v2\/media?parent=30"}],"curies":[{"name":"wp","href":"https:\/\/api.w.org\/{rel}","templated":true}]}}